{"id":4,"date":"2023-07-08T15:09:39","date_gmt":"2023-07-08T15:09:39","guid":{"rendered":"https:\/\/www.famefaceturkiye.com\/?page_id=4"},"modified":"2024-06-20T05:02:55","modified_gmt":"2024-06-20T05:02:55","slug":"ana-sayfa","status":"publish","type":"page","link":"https:\/\/www.famefaceturkiye.com\/?page_id=4","title":{"rendered":"Fame Face T\u00fcrkiye"},"content":{"rendered":"\n<p>Merhaba,<\/p>\n\n\n\n<p>Uzun y\u0131llar sekt\u00f6rde \u00e7e\u015fitli departmanlarda g\u00f6rev alm\u0131\u015f profesyoneller, profesyonel olmaya inanm\u0131\u015f arkada\u015flar\u0131m\u0131zla, sahip oldu\u011fumuz bilgi, birikim ve imkanlar\u0131m\u0131z\u0131 daha geni\u015f kitlelere yaymak ve ger\u00e7ek anlamda faydal\u0131 olabilmek i\u00e7in kullanmam\u0131z\u0131n yararl\u0131 olaca\u011f\u0131n\u0131 inanarak bir yola \u00e7\u0131kt\u0131k.<\/p>\n\n\n\n<p>Hepimizin vazge\u00e7ilmez hayalleri ve hedefleri vard\u0131r. Baz\u0131lar\u0131m\u0131z her yapt\u0131\u011f\u0131 i\u015fte ba\u015far\u0131l\u0131 olmak i\u00e7in u\u011fra\u015f\u0131r, baz\u0131lar\u0131m\u0131z da yakalad\u0131\u011f\u0131 \u015f\u00f6hret ile kazanmak ve mutlu olmak ister.<\/p>\n\n\n\n<p>Her yapt\u0131\u011f\u0131m\u0131z \u00e7al\u0131\u015fmayla, T\u00fcrkiye\u2019de Yar\u0131\u015fma sekt\u00f6r\u00fcne yeni bir vizyon katmak istedik. Bunu 2021 Fame Model Of Turkey Final gecesin de ispat ettik\u2026 Fame Model Of Turkey 2023 Yar\u0131\u015fma Finalini ve gala gecesini  muhte\u015fem bir organizasyon ile ger\u00e7ekle\u015ftirdik. \u015eimdi de sizlere yine keyif, huzur, kaliteli, g\u00fcven duyabilece\u011finiz bir yar\u0131\u015fma haz\u0131rl\u0131yoruz. &#8220;Fame Face T\u00fcrkiye&#8221;<\/p>\n\n\n\n<p>\u015e\u00f6hret yolunda ilerlemek isteyen gen\u00e7lerimize destek vermek en ba\u015fta iste\u011fimiz. Sekt\u00f6re yeni y\u00fczler, yeni yetenekler kazand\u0131rmak \u00e7e\u015fitli organizasyonlara kat\u0131lmalar\u0131n\u0131 sa\u011flayarak model, oyuncu, manken  olarak da ba\u015far\u0131l\u0131 &nbsp;ve \u015f\u00f6hret olmalar\u0131n\u0131 sa\u011flamak &nbsp;istiyoruz.<\/p>\n\n\n\n<p>2023 Fame Face T\u00fcrkiye Yar\u0131\u015fmas\u0131nda, &nbsp;Final adaylar\u0131m\u0131z\u0131 belirlemek i\u00e7in kay\u0131tlar\u0131m\u0131z 14\/07\/2023 tarihinde ba\u015flayacakt\u0131r&#8230; S\u0131n\u0131rl\u0131 say\u0131da kat\u0131l\u0131m al\u0131nacakt\u0131r&#8230;<\/p>\n\n\n\n<p>Modellik, oyunculuk ve mankenlik  kriterlerine uygun Bay ve Bayan adaylar famefaceturkiye.com sitemize ba\u015fvurarak kay\u0131t ba\u015fvurular\u0131n\u0131 yapabilirler. &nbsp;2023 Y\u0131l\u0131 Aral\u0131k ay\u0131n da  Final Galam\u0131z ger\u00e7ekle\u015ftirece\u011fiz sitemizden an ve an takip etmenizi istiyoruz. Ayr\u0131ca Yar\u0131\u015fma komitemiz t\u00fcm ba\u015fvurulara bireysel olarak&nbsp; kat\u0131l\u0131mc\u0131lara cevap verecektir.<\/p>\n\n\n\n<p>Yola \u00e7\u0131karken Yar\u0131\u015fma sekt\u00f6r\u00fcnde yap\u0131lan t\u00fcm &nbsp;organizasyonlar\u0131 inceleyerek ve bir\u00e7ok de\u011fere katk\u0131da bulunmaya \u00e7al\u0131\u015fan bizler, bu g\u00f6revin \u00e7ok daha b\u00fcy\u00fck sorumluluklar getirdi\u011finin bilincindeyiz.<\/p>\n\n\n\n<p>Bireysel hak ve \u00f6zg\u00fcrl\u00fcklere sayg\u0131l\u0131, toplumsal geli\u015fimi destekleyen, g\u00fcvenilir, yenilik\u00e7i, tarafs\u0131z, dinamik bir anlay\u0131\u015fla bizimle birlikte olanlara sorumluluk g\u00fcvencesiyle, Fame Face T\u00fcrkiye d\u00fcnyas\u0131n\u0131 sizlere tan\u0131\u015ft\u0131rmak istiyoruz\u2026<\/p>\n\n\n\n<p>\u015eimdi Fame Face T\u00fcrkiye  ile sizlerleyiz\u2026 Sosyal medya kanallar\u0131 sayesinde Yar\u0131\u015fma Organizasyon d\u00fcnyas\u0131 art\u0131k her yerde payla\u015f\u0131l\u0131yor, yay\u0131nlan\u0131yor ve daha \u00f6nemlisi daha geni\u015f kitlelere ula\u015f\u0131yor! Ancak san\u0131r\u0131m kafalar \u00e7ok net de\u011fil. Hatta \u00e7ok kar\u0131\u015f\u0131k. Bu bizim hayatta ka\u00e7\u0131rmayaca\u011f\u0131m\u0131z bir meydan okumayd\u0131 ve b\u00f6ylece Fame Face T\u00fcrkiye  ile bu platformlarda da olmak istedik\u2026<\/p>\n\n\n\n<p>Ruhi An\u0131lan<\/p>\n\n\n\n<p>Kurucu Ba\u015fkan\u2026<\/p>\n\n\n\n<p>Sevgiyle, Sayg\u0131yla\u2026<\/p>\n\n\n\n<p><\/p>\n\n\n\n<p><\/p>\n\n\n\n<h2 class=\"wp-block-heading has-text-align-center has-black-color has-cyan-bluish-gray-background-color has-text-color has-background\">L\u00dcTFEN D\u0130KKAT<\/h2>\n\n\n\n<h4 class=\"wp-block-heading has-text-align-left has-black-color has-cyan-bluish-gray-background-color has-text-color has-background\">Ba\u015fvurunuzun Kabul\u00fc \u0130\u00e7in Sitede Bulunan Yar\u0131\u015fma Aday Ba\u015fvuru Formunu Eksiksiz Doldurman\u0131z\u0131 \u00d6nemle Rica ederiz\u2026 <\/h4>\n\n\n\n<h4 class=\"wp-block-heading has-text-align-left has-black-color has-cyan-bluish-gray-background-color has-text-color has-background\">Aksi Halde Yar\u0131\u015fma Aday Ba\u015fvuru Formunda Taraf\u0131n\u0131zca Eksik G\u00f6nderilen Bilgilerinizden Dolay\u0131  Ba\u015fvurunuz Kabul Edilmeyecektir\u2026 <\/h4>\n\n\n\n<h4 class=\"wp-block-heading has-text-align-left has-black-color has-cyan-bluish-gray-background-color has-text-color has-background\">L\u00fctfen Fotograflar\u0131n\u0131z\u0131 Yar\u0131\u015fma Komitesinin Yeni belirleyece\u011fi  Whatsapp Adresinden Ad\u0131n\u0131z\u0131 Soyad\u0131n\u0131z\u0131 Yazarak  G\u00f6nderiniz&#8230;<\/h4>\n\n\n\n<p><\/p>\n\n\n\n<h2 class=\"wp-block-heading has-text-align-center has-black-color has-cyan-bluish-gray-background-color has-text-color has-background\"><a href=\"https:\/\/www.famefaceturkiye.com\/?page_id=126\" target=\"_blank\" rel=\"noreferrer noopener\">ADAY BA\u015eVURU FORMU TIKLA&#8230;<\/a><\/h2>\n\n\n<div class=\"wp-block-image\">\n<figure class=\"aligncenter size-full\"><a href=\"https:\/\/www.famefaceturkiye.com\/?page_id=126\" target=\"_blank\" rel=\"noreferrer noopener\"><img loading=\"lazy\" decoding=\"async\" width=\"304\" height=\"480\" src=\"https:\/\/www.famefaceturkiye.com\/wp-content\/uploads\/2023\/07\/1111111111.jpg\" alt=\"\" class=\"wp-image-143\" srcset=\"https:\/\/www.famefaceturkiye.com\/wp-content\/uploads\/2023\/07\/1111111111.jpg 304w, https:\/\/www.famefaceturkiye.com\/wp-content\/uploads\/2023\/07\/1111111111-190x300.jpg 190w\" sizes=\"auto, (max-width: 304px) 100vw, 304px\" \/><\/a><\/figure>\n<\/div>\n\n\n<h3 class=\"wp-block-heading has-text-align-center has-black-color has-cyan-bluish-gray-background-color has-text-color has-background\">ADAY BA\u015eVURU \u00d6DEME B\u0130LG\u0130S\u0130<\/h3>\n\n\n\n<p><\/p>\n\n\n\n<h4 class=\"wp-block-heading has-black-color has-cyan-bluish-gray-background-color has-text-color has-background\">Ba\u015fvurunuzun Kabul\u00fc \u0130\u00e7in Sitede Bulunan Yar\u0131\u015fma Aday Ba\u015fvuru Formunu Eksiksiz Doldurduktan Sonra Aday Ba\u015fvuru Kay\u0131t \u00dccreti Olarak 500 TL (Be\u015fy\u00fczTL) \u00d6deme Yapman\u0131z Gerekmektedir&#8230; <\/h4>\n\n\n\n<p><\/p>\n\n\n\n<h4 class=\"wp-block-heading has-black-color has-cyan-bluish-gray-background-color has-text-color has-background\">\u00d6deme Yapabilmeniz \u0130\u00e7in Yar\u0131\u015fma Aday Ba\u015fvuru Formunda Kay\u0131tl\u0131 Olan Gsm Numaran\u0131za  Whatsaap \u00fczerinden \u0130ban Numaras\u0131 g\u00f6nderilecektir. \u00d6demenizi Yap\u0131n\u0131z.<\/h4>\n\n\n\n<p><\/p>\n\n\n\n<h4 class=\"wp-block-heading has-black-color has-cyan-bluish-gray-background-color has-text-color has-background\">Aday Ba\u015fvuru Kay\u0131t \u00dccreti \u00d6demesi Yap\u0131lmayan  Ba\u015fvurular Kabul Edilmeyecektir\u2026 <\/h4>\n\n\n\n<p><\/p>\n\n\n\n<figure class=\"wp-block-image size-large\"><img loading=\"lazy\" decoding=\"async\" width=\"1024\" height=\"610\" src=\"https:\/\/www.famefaceturkiye.com\/wp-content\/uploads\/2023\/07\/LOGO-YENI-FACE11-1024x610.jpg\" alt=\"\" class=\"wp-image-8\" srcset=\"https:\/\/www.famefaceturkiye.com\/wp-content\/uploads\/2023\/07\/LOGO-YENI-FACE11-1024x610.jpg 1024w, https:\/\/www.famefaceturkiye.com\/wp-content\/uploads\/2023\/07\/LOGO-YENI-FACE11-300x179.jpg 300w, https:\/\/www.famefaceturkiye.com\/wp-content\/uploads\/2023\/07\/LOGO-YENI-FACE11-768x458.jpg 768w, https:\/\/www.famefaceturkiye.com\/wp-content\/uploads\/2023\/07\/LOGO-YENI-FACE11-1536x915.jpg 1536w, https:\/\/www.famefaceturkiye.com\/wp-content\/uploads\/2023\/07\/LOGO-YENI-FACE11-2048x1220.jpg 2048w, https:\/\/www.famefaceturkiye.com\/wp-content\/uploads\/2023\/07\/LOGO-YENI-FACE11-101x60.jpg 101w\" sizes=\"auto, (max-width: 1024px) 100vw, 1024px\" \/><\/figure>\n\n\n\n<p><\/p>\n\n\n\n<p><\/p>\n\n\n\n<p><\/p>\n","protected":false},"excerpt":{"rendered":"<p>Merhaba, Uzun y\u0131llar sekt\u00f6rde \u00e7e\u015fitli departmanlarda g\u00f6rev alm\u0131\u015f profesyoneller, profesyonel olmaya inanm\u0131\u015f arkada\u015flar\u0131m\u0131zla, sahip oldu\u011fumuz bilgi, birikim ve imkanlar\u0131m\u0131z\u0131 daha geni\u015f kitlelere yaymak ve ger\u00e7ek anlamda faydal\u0131 olabilmek i\u00e7in kullanmam\u0131z\u0131n yararl\u0131 olaca\u011f\u0131n\u0131 inanarak bir yola \u00e7\u0131kt\u0131k. Hepimizin vazge\u00e7ilmez hayalleri ve hedefleri vard\u0131r. Baz\u0131lar\u0131m\u0131z her yapt\u0131\u011f\u0131 i\u015fte ba\u015far\u0131l\u0131 olmak i\u00e7in u\u011fra\u015f\u0131r, baz\u0131lar\u0131m\u0131z da yakalad\u0131\u011f\u0131 \u015f\u00f6hret ile [&hellip;]<\/p>\n","protected":false},"author":1,"featured_media":8,"parent":0,"menu_order":0,"comment_status":"closed","ping_status":"closed","template":"","meta":{"footnotes":""},"class_list":["post-4","page","type-page","status-publish","has-post-thumbnail","hentry"],"_links":{"self":[{"href":"https:\/\/www.famefaceturkiye.com\/index.php?rest_route=\/wp\/v2\/pages\/4","targetHints":{"allow":["GET"]}}],"collection":[{"href":"https:\/\/www.famefaceturkiye.com\/index.php?rest_route=\/wp\/v2\/pages"}],"about":[{"href":"https:\/\/www.famefaceturkiye.com\/index.php?rest_route=\/wp\/v2\/types\/page"}],"author":[{"embeddable":true,"href":"https:\/\/www.famefaceturkiye.com\/index.php?rest_route=\/wp\/v2\/users\/1"}],"replies":[{"embeddable":true,"href":"https:\/\/www.famefaceturkiye.com\/index.php?rest_route=%2Fwp%2Fv2%2Fcomments&post=4"}],"version-history":[{"count":53,"href":"https:\/\/www.famefaceturkiye.com\/index.php?rest_route=\/wp\/v2\/pages\/4\/revisions"}],"predecessor-version":[{"id":459,"href":"https:\/\/www.famefaceturkiye.com\/index.php?rest_route=\/wp\/v2\/pages\/4\/revisions\/459"}],"wp:featuredmedia":[{"embeddable":true,"href":"https:\/\/www.famefaceturkiye.com\/index.php?rest_route=\/wp\/v2\/media\/8"}],"wp:attachment":[{"href":"https:\/\/www.famefaceturkiye.com\/index.php?rest_route=%2Fwp%2Fv2%2Fmedia&parent=4"}],"curies":[{"name":"wp","href":"https:\/\/api.w.org\/{rel}","templated":true}]}}