{"id":275,"date":"2023-07-13T14:56:02","date_gmt":"2023-07-13T14:56:02","guid":{"rendered":"https:\/\/www.famefaceturkiye.com\/?page_id=275"},"modified":"2024-06-20T05:20:52","modified_gmt":"2024-06-20T05:20:52","slug":"odeme-bilgisi","status":"publish","type":"page","link":"https:\/\/www.famefaceturkiye.com\/?page_id=275","title":{"rendered":"\u00d6deme Bilgisi"},"content":{"rendered":"\n<figure class=\"wp-block-image size-large\"><img loading=\"lazy\" decoding=\"async\" width=\"1024\" height=\"610\" src=\"https:\/\/www.famefaceturkiye.com\/wp-content\/uploads\/2023\/07\/LOGO-YENI-FACE11-1024x610.jpg\" alt=\"\" class=\"wp-image-8\" srcset=\"https:\/\/www.famefaceturkiye.com\/wp-content\/uploads\/2023\/07\/LOGO-YENI-FACE11-1024x610.jpg 1024w, https:\/\/www.famefaceturkiye.com\/wp-content\/uploads\/2023\/07\/LOGO-YENI-FACE11-300x179.jpg 300w, https:\/\/www.famefaceturkiye.com\/wp-content\/uploads\/2023\/07\/LOGO-YENI-FACE11-768x458.jpg 768w, https:\/\/www.famefaceturkiye.com\/wp-content\/uploads\/2023\/07\/LOGO-YENI-FACE11-1536x915.jpg 1536w, https:\/\/www.famefaceturkiye.com\/wp-content\/uploads\/2023\/07\/LOGO-YENI-FACE11-2048x1220.jpg 2048w, https:\/\/www.famefaceturkiye.com\/wp-content\/uploads\/2023\/07\/LOGO-YENI-FACE11-101x60.jpg 101w\" sizes=\"auto, (max-width: 1024px) 100vw, 1024px\" \/><\/figure>\n\n\n\n<h3 class=\"wp-block-heading has-text-align-center has-black-color has-cyan-bluish-gray-background-color has-text-color has-background\">ADAY BA\u015eVURU \u00d6DEME B\u0130LG\u0130S\u0130<\/h3>\n\n\n\n<p><\/p>\n\n\n\n<h4 class=\"wp-block-heading has-black-color has-cyan-bluish-gray-background-color has-text-color has-background\">Ba\u015fvurunuzun Kabul\u00fc \u0130\u00e7in Sitede Bulunan Yar\u0131\u015fma Aday Ba\u015fvuru Formunu Eksiksiz Doldurduktan ve Whatsapp Hatt\u0131m\u0131za Fotograflar\u0131n\u0131z\u0131 G\u00f6nderdikten  Sonra Aday Ba\u015fvuru Kay\u0131t \u00fccreti olarak 500 TL (Be\u015fy\u00fczTL) \u00d6deme Yapman\u0131z Gerekmektedir&#8230; <\/h4>\n\n\n\n<p><\/p>\n\n\n\n<h4 class=\"wp-block-heading has-black-color has-cyan-bluish-gray-background-color has-text-color has-background\">Aday Ba\u015fvuru Kay\u0131t \u00dccreti \u00d6demesi Yap\u0131lmayan  Ba\u015fvurular Kabul Edilmeyecektir\u2026 <\/h4>\n\n\n\n<p><\/p>\n\n\n\n<h4 class=\"wp-block-heading has-black-color has-cyan-bluish-gray-background-color has-text-color has-background\">\u00d6deme Yapabilmeniz \u0130\u00e7in Yar\u0131\u015fma Aday Ba\u015fvuru Formunda Kay\u0131tl\u0131 Olan Gsm Numaran\u0131za  \u0130ban Numaras\u0131 g\u00f6nderilecektir. L\u00fctfen 0 542 5414208 Whatsapp Numaras\u0131ndan G\u00f6nderilen \u0130ban Bilgileri Haricin de Hi\u00e7 Bir \u015eekilde \u00d6deme Yapmay\u0131n\u0131z&#8230; Ba\u015fvurunuzun Ge\u00e7erli Olabilmesi \u0130\u00e7in 2 G\u00fcn \u0130\u00e7in de \u00d6demenizi Yapman\u0131z Gerekmektedir.<\/h4>\n\n\n<div class=\"wp-block-image\">\n<figure class=\"aligncenter size-full\"><img loading=\"lazy\" decoding=\"async\" width=\"428\" height=\"500\" src=\"https:\/\/www.famefaceturkiye.com\/wp-content\/uploads\/2023\/07\/param-avantajli-kart-1.jpg\" alt=\"\" class=\"wp-image-340\" srcset=\"https:\/\/www.famefaceturkiye.com\/wp-content\/uploads\/2023\/07\/param-avantajli-kart-1.jpg 428w, https:\/\/www.famefaceturkiye.com\/wp-content\/uploads\/2023\/07\/param-avantajli-kart-1-257x300.jpg 257w\" sizes=\"auto, (max-width: 428px) 100vw, 428px\" \/><\/figure>\n<\/div>","protected":false},"excerpt":{"rendered":"<p>ADAY BA\u015eVURU \u00d6DEME B\u0130LG\u0130S\u0130 Ba\u015fvurunuzun Kabul\u00fc \u0130\u00e7in Sitede Bulunan Yar\u0131\u015fma Aday Ba\u015fvuru Formunu Eksiksiz Doldurduktan ve Whatsapp Hatt\u0131m\u0131za Fotograflar\u0131n\u0131z\u0131 G\u00f6nderdikten Sonra Aday Ba\u015fvuru Kay\u0131t \u00fccreti olarak 500 TL (Be\u015fy\u00fczTL) \u00d6deme Yapman\u0131z Gerekmektedir&#8230; Aday Ba\u015fvuru Kay\u0131t \u00dccreti \u00d6demesi Yap\u0131lmayan Ba\u015fvurular Kabul Edilmeyecektir\u2026 \u00d6deme Yapabilmeniz \u0130\u00e7in Yar\u0131\u015fma Aday Ba\u015fvuru Formunda Kay\u0131tl\u0131 Olan Gsm Numaran\u0131za \u0130ban Numaras\u0131 g\u00f6nderilecektir. [&hellip;]<\/p>\n","protected":false},"author":1,"featured_media":0,"parent":0,"menu_order":0,"comment_status":"closed","ping_status":"closed","template":"","meta":{"footnotes":""},"class_list":["post-275","page","type-page","status-publish","hentry"],"_links":{"self":[{"href":"https:\/\/www.famefaceturkiye.com\/index.php?rest_route=\/wp\/v2\/pages\/275","targetHints":{"allow":["GET"]}}],"collection":[{"href":"https:\/\/www.famefaceturkiye.com\/index.php?rest_route=\/wp\/v2\/pages"}],"about":[{"href":"https:\/\/www.famefaceturkiye.com\/index.php?rest_route=\/wp\/v2\/types\/page"}],"author":[{"embeddable":true,"href":"https:\/\/www.famefaceturkiye.com\/index.php?rest_route=\/wp\/v2\/users\/1"}],"replies":[{"embeddable":true,"href":"https:\/\/www.famefaceturkiye.com\/index.php?rest_route=%2Fwp%2Fv2%2Fcomments&post=275"}],"version-history":[{"count":14,"href":"https:\/\/www.famefaceturkiye.com\/index.php?rest_route=\/wp\/v2\/pages\/275\/revisions"}],"predecessor-version":[{"id":462,"href":"https:\/\/www.famefaceturkiye.com\/index.php?rest_route=\/wp\/v2\/pages\/275\/revisions\/462"}],"wp:attachment":[{"href":"https:\/\/www.famefaceturkiye.com\/index.php?rest_route=%2Fwp%2Fv2%2Fmedia&parent=275"}],"curies":[{"name":"wp","href":"https:\/\/api.w.org\/{rel}","templated":true}]}}