{"id":126,"date":"2023-07-09T10:08:28","date_gmt":"2023-07-09T10:08:28","guid":{"rendered":"https:\/\/www.famefaceturkiye.com\/?page_id=126"},"modified":"2024-06-20T05:14:56","modified_gmt":"2024-06-20T05:14:56","slug":"yarisma-aday-basvuru-formu","status":"publish","type":"page","link":"https:\/\/www.famefaceturkiye.com\/?page_id=126","title":{"rendered":"Yar\u0131\u015fma Aday Ba\u015fvuru Formu"},"content":{"rendered":"\n<p><\/p>\n\n\n\n<figure class=\"wp-block-image size-large\"><img loading=\"lazy\" decoding=\"async\" width=\"1024\" height=\"610\" src=\"https:\/\/www.famefaceturkiye.com\/wp-content\/uploads\/2024\/06\/LOGO-YENI-FACE-YENI-SLOGAN-YOK-1-1024x610.jpg\" alt=\"\" class=\"wp-image-460\" srcset=\"https:\/\/www.famefaceturkiye.com\/wp-content\/uploads\/2024\/06\/LOGO-YENI-FACE-YENI-SLOGAN-YOK-1-1024x610.jpg 1024w, https:\/\/www.famefaceturkiye.com\/wp-content\/uploads\/2024\/06\/LOGO-YENI-FACE-YENI-SLOGAN-YOK-1-300x179.jpg 300w, https:\/\/www.famefaceturkiye.com\/wp-content\/uploads\/2024\/06\/LOGO-YENI-FACE-YENI-SLOGAN-YOK-1-768x458.jpg 768w, https:\/\/www.famefaceturkiye.com\/wp-content\/uploads\/2024\/06\/LOGO-YENI-FACE-YENI-SLOGAN-YOK-1-1536x915.jpg 1536w, https:\/\/www.famefaceturkiye.com\/wp-content\/uploads\/2024\/06\/LOGO-YENI-FACE-YENI-SLOGAN-YOK-1-2048x1220.jpg 2048w\" sizes=\"auto, (max-width: 1024px) 100vw, 1024px\" \/><\/figure>\n\n\n<p>[contact-form-7 id=&#8221;5a6a1f9&#8243; title=&#8221;\u0130leti\u015fim formu 1&#8243;]<\/p>\n","protected":false},"excerpt":{"rendered":"","protected":false},"author":1,"featured_media":0,"parent":0,"menu_order":0,"comment_status":"closed","ping_status":"closed","template":"","meta":{"footnotes":""},"class_list":["post-126","page","type-page","status-publish","hentry"],"_links":{"self":[{"href":"https:\/\/www.famefaceturkiye.com\/index.php?rest_route=\/wp\/v2\/pages\/126","targetHints":{"allow":["GET"]}}],"collection":[{"href":"https:\/\/www.famefaceturkiye.com\/index.php?rest_route=\/wp\/v2\/pages"}],"about":[{"href":"https:\/\/www.famefaceturkiye.com\/index.php?rest_route=\/wp\/v2\/types\/page"}],"author":[{"embeddable":true,"href":"https:\/\/www.famefaceturkiye.com\/index.php?rest_route=\/wp\/v2\/users\/1"}],"replies":[{"embeddable":true,"href":"https:\/\/www.famefaceturkiye.com\/index.php?rest_route=%2Fwp%2Fv2%2Fcomments&post=126"}],"version-history":[{"count":11,"href":"https:\/\/www.famefaceturkiye.com\/index.php?rest_route=\/wp\/v2\/pages\/126\/revisions"}],"predecessor-version":[{"id":461,"href":"https:\/\/www.famefaceturkiye.com\/index.php?rest_route=\/wp\/v2\/pages\/126\/revisions\/461"}],"wp:attachment":[{"href":"https:\/\/www.famefaceturkiye.com\/index.php?rest_route=%2Fwp%2Fv2%2Fmedia&parent=126"}],"curies":[{"name":"wp","href":"https:\/\/api.w.org\/{rel}","templated":true}]}}