{"id":120,"date":"2023-07-09T10:00:50","date_gmt":"2023-07-09T10:00:50","guid":{"rendered":"https:\/\/www.famefaceturkiye.com\/?page_id=120"},"modified":"2024-06-20T05:03:54","modified_gmt":"2024-06-20T05:03:54","slug":"yarisma-basvuru-sartlari","status":"publish","type":"page","link":"https:\/\/www.famefaceturkiye.com\/?page_id=120","title":{"rendered":"Yar\u0131\u015fma Aday Ba\u015fvuru \u015eartlar\u0131"},"content":{"rendered":"\n<h2 class=\"wp-block-heading has-text-align-center\">KAYIT OLMAK \u0130\u00c7\u0130N LOGOYU TIKLAYINIZ&#8230;<\/h2>\n\n\n\n<figure class=\"wp-block-image size-large\"><a href=\"https:\/\/www.famefaceturkiye.com\/?page_id=126\" target=\"_blank\" rel=\"noreferrer noopener\"><img loading=\"lazy\" decoding=\"async\" width=\"848\" height=\"1024\" src=\"https:\/\/www.famefaceturkiye.com\/wp-content\/uploads\/2024\/06\/FAME-FACE-YENI-1-848x1024.jpg\" alt=\"\" class=\"wp-image-453\" srcset=\"https:\/\/www.famefaceturkiye.com\/wp-content\/uploads\/2024\/06\/FAME-FACE-YENI-1-848x1024.jpg 848w, https:\/\/www.famefaceturkiye.com\/wp-content\/uploads\/2024\/06\/FAME-FACE-YENI-1-248x300.jpg 248w, https:\/\/www.famefaceturkiye.com\/wp-content\/uploads\/2024\/06\/FAME-FACE-YENI-1-768x928.jpg 768w, https:\/\/www.famefaceturkiye.com\/wp-content\/uploads\/2024\/06\/FAME-FACE-YENI-1-1272x1536.jpg 1272w, https:\/\/www.famefaceturkiye.com\/wp-content\/uploads\/2024\/06\/FAME-FACE-YENI-1-1696x2048.jpg 1696w\" sizes=\"auto, (max-width: 848px) 100vw, 848px\" \/><\/a><\/figure>\n\n\n\n<p><\/p>\n\n\n<div class=\"wp-block-image\">\n<figure class=\"aligncenter\"><img decoding=\"async\" src=\"http:\/\/www.famemodelturkiye.com\/wp-content\/uploads\/2023\/01\/1111111111111111.png\" alt=\"\" class=\"wp-image-303\"\/><\/figure>\n<\/div>\n\n\n<p class=\"has-text-align-center has-black-color has-cyan-bluish-gray-background-color has-text-color has-background\"><strong>Kat\u0131l\u0131m Ba\u015fvurular\u0131 \u0130\u00e7in\u2026<\/strong><\/p>\n\n\n\n<p><strong>T.C vatanda\u015f\u0131 olmak,<\/strong><\/p>\n\n\n\n<p><strong>Erkek adaylar; ya\u015f 18\/26 ya\u015f aras\u0131 ayakkab\u0131s\u0131z boy 182 cm ve \u00fcst\u00fc modellik, mankenlik ve oyunculuk kriterlerine  ve g\u00f6rselli\u011fine uygun olmak, 2 adet k\u0131yafetli boy ve 1 adet mayolu boy son haliyle \u00e7ekilmi\u015f fotograf ile ba\u015fvuru kabul edilecektir.<\/strong><\/p>\n\n\n\n<p><strong>Kad\u0131n adaylar; ya\u015f 18\/26 ya\u015f aras\u0131 ayakkab\u0131s\u0131z boy 172 cm ve \u00fcst\u00fc <strong>modellik, mankenlik ve oyunculuk kriterlerine <\/strong>ve g\u00f6rselli\u011fine uygun olmak, 2 adet k\u0131yafetli boy ve 1 adet mayolu boy son haliyle \u00e7ekilmi\u015f fotograf ile ba\u015fvuru kabul edilecektir.<\/strong><\/p>\n\n\n\n<p><\/p>\n\n\n\n<p class=\"has-text-align-center has-black-color has-cyan-bluish-gray-background-color has-text-color has-background\"><strong>18 Ya\u015f\u0131ndan K\u00fc\u00e7\u00fck Adaylar Ailelerinden Alacaklar\u0131 Muvafakatname \u0130le Yar\u0131\u015fma Aday <strong>Ba\u015fvurusunda Bulunabilinirler<\/strong>&#8230;<\/strong><\/p>\n\n\n\n<p><\/p>\n\n\n\n<p><\/p>\n\n\n\n<p class=\"has-text-align-center has-black-color has-cyan-bluish-gray-background-color has-text-color has-background has-medium-font-size\"><strong>Ba\u015fvurular\u0131n\u0131z Yar\u0131\u015fma Komitesinin Onay\u0131 \u0130le  Kabul Edilmeye Ba\u015flam\u0131\u015ft\u0131r&#8230;<\/strong> <strong>L\u00fctfen Yar\u0131\u015fma Aday Ba\u015fvuru \u015eartlar\u0131n\u0131 ve Ba\u015fvuru Kay\u0131t Formundaki A\u00e7\u0131klamalar\u0131 \u00c7ok dikkatli Okuyunuz.<\/strong><\/p>\n\n\n\n<p><\/p>\n\n\n\n<h4 class=\"wp-block-heading has-black-color has-cyan-bluish-gray-background-color has-text-color has-background\">Ba\u015fvurunuzun Kabul\u00fc \u0130\u00e7in Sitede Bulunan Yar\u0131\u015fma Aday Ba\u015fvuru Formunu Eksiksiz Doldurman\u0131z\u0131 \u00d6nemle Rica ederiz\u2026 <\/h4>\n\n\n\n<p><\/p>\n\n\n\n<h4 class=\"wp-block-heading has-black-color has-cyan-bluish-gray-background-color has-text-color has-background\">Yar\u0131\u015fma Aday Ba\u015fvuru Formunda Taraf\u0131n\u0131zca Eksik G\u00f6nderilen Bilgilerinizden Dolay\u0131  Ba\u015fvurunuz Kabul Edilmeyecektir\u2026 <\/h4>\n\n\n\n<p><\/p>\n\n\n\n<h4 class=\"wp-block-heading has-black-color has-cyan-bluish-gray-background-color has-text-color has-background\">L\u00fctfen Fotograflar\u0131n\u0131z\u0131  Belirlenen 0542 5414208 Whatsapp Numaras\u0131ndan  Ad\u0131n\u0131z\u0131 Soyad\u0131n\u0131z\u0131 Yazarak G\u00f6nderiniz\u2026<\/h4>\n\n\n\n<figure class=\"wp-block-image size-large is-resized\"><img loading=\"lazy\" decoding=\"async\" src=\"https:\/\/www.famefaceturkiye.com\/wp-content\/uploads\/2023\/07\/LOGO-YENI-FACE11-1024x610.jpg\" alt=\"\" class=\"wp-image-8\" width=\"862\" height=\"513\" srcset=\"https:\/\/www.famefaceturkiye.com\/wp-content\/uploads\/2023\/07\/LOGO-YENI-FACE11-1024x610.jpg 1024w, https:\/\/www.famefaceturkiye.com\/wp-content\/uploads\/2023\/07\/LOGO-YENI-FACE11-300x179.jpg 300w, https:\/\/www.famefaceturkiye.com\/wp-content\/uploads\/2023\/07\/LOGO-YENI-FACE11-768x458.jpg 768w, https:\/\/www.famefaceturkiye.com\/wp-content\/uploads\/2023\/07\/LOGO-YENI-FACE11-1536x915.jpg 1536w, https:\/\/www.famefaceturkiye.com\/wp-content\/uploads\/2023\/07\/LOGO-YENI-FACE11-2048x1220.jpg 2048w, https:\/\/www.famefaceturkiye.com\/wp-content\/uploads\/2023\/07\/LOGO-YENI-FACE11-101x60.jpg 101w\" sizes=\"auto, (max-width: 862px) 100vw, 862px\" \/><\/figure>\n\n\n\n<h3 class=\"wp-block-heading has-text-align-center has-black-color has-cyan-bluish-gray-background-color has-text-color has-background\">ADAY BA\u015eVURU \u00d6DEME B\u0130LG\u0130S\u0130<\/h3>\n\n\n\n<p><\/p>\n\n\n\n<h3 class=\"wp-block-heading has-black-color has-cyan-bluish-gray-background-color has-text-color has-background\">Ba\u015fvurunuzun Kabul\u00fc \u0130\u00e7in Sitede Bulunan Yar\u0131\u015fma Aday Ba\u015fvuru Formunu Eksiksiz Doldurduktan ve Whatsapp Hatt\u0131m\u0131za Fotograflar\u0131n\u0131z\u0131 G\u00f6nderdikten Sonra Aday Ba\u015fvuru Kay\u0131t \u00fccreti olarak 500 TL (Be\u015fy\u00fczTL) \u00d6deme Yapman\u0131z Gerekmektedir&#8230;<\/h3>\n\n\n\n<p><\/p>\n\n\n\n<h3 class=\"wp-block-heading has-black-color has-cyan-bluish-gray-background-color has-text-color has-background\">\u00d6deme Yapabilmeniz \u0130\u00e7in Yar\u0131\u015fma Aday Ba\u015fvuru Formunda Kay\u0131tl\u0131 Olan Gsm Numaran\u0131za \u0130ban Numaras\u0131 g\u00f6nderilecektir. L\u00fctfen 0 542 5414208 Whatsapp Numaras\u0131ndan G\u00f6nderilen \u0130ban Bilgileri Haricin de Hi\u00e7 Bir \u015eekilde \u00d6deme Yapmay\u0131n\u0131z&#8230; Ba\u015fvurunuzun Ge\u00e7erli Olabilmesi \u0130\u00e7in 2 G\u00fcn \u0130\u00e7in de \u00d6demenizi Yapman\u0131z Gerekmektedir.<\/h3>\n\n\n\n<p><\/p>\n\n\n\n<h3 class=\"wp-block-heading has-black-color has-cyan-bluish-gray-background-color has-text-color has-background\">Aday Ba\u015fvuru Kay\u0131t \u00dccreti \u00d6demesi Yap\u0131lmayan Ba\u015fvurular Kabul Edilmeyecektir\u2026<\/h3>\n","protected":false},"excerpt":{"rendered":"<p>KAYIT OLMAK \u0130\u00c7\u0130N LOGOYU TIKLAYINIZ&#8230; Kat\u0131l\u0131m Ba\u015fvurular\u0131 \u0130\u00e7in\u2026 T.C vatanda\u015f\u0131 olmak, Erkek adaylar; ya\u015f 18\/26 ya\u015f aras\u0131 ayakkab\u0131s\u0131z boy 182 cm ve \u00fcst\u00fc modellik, mankenlik ve oyunculuk kriterlerine ve g\u00f6rselli\u011fine uygun olmak, 2 adet k\u0131yafetli boy ve 1 adet mayolu boy son haliyle \u00e7ekilmi\u015f fotograf ile ba\u015fvuru kabul edilecektir. Kad\u0131n adaylar; ya\u015f 18\/26 ya\u015f aras\u0131 [&hellip;]<\/p>\n","protected":false},"author":1,"featured_media":0,"parent":0,"menu_order":0,"comment_status":"closed","ping_status":"closed","template":"","meta":{"footnotes":""},"class_list":["post-120","page","type-page","status-publish","hentry"],"_links":{"self":[{"href":"https:\/\/www.famefaceturkiye.com\/index.php?rest_route=\/wp\/v2\/pages\/120","targetHints":{"allow":["GET"]}}],"collection":[{"href":"https:\/\/www.famefaceturkiye.com\/index.php?rest_route=\/wp\/v2\/pages"}],"about":[{"href":"https:\/\/www.famefaceturkiye.com\/index.php?rest_route=\/wp\/v2\/types\/page"}],"author":[{"embeddable":true,"href":"https:\/\/www.famefaceturkiye.com\/index.php?rest_route=\/wp\/v2\/users\/1"}],"replies":[{"embeddable":true,"href":"https:\/\/www.famefaceturkiye.com\/index.php?rest_route=%2Fwp%2Fv2%2Fcomments&post=120"}],"version-history":[{"count":54,"href":"https:\/\/www.famefaceturkiye.com\/index.php?rest_route=\/wp\/v2\/pages\/120\/revisions"}],"predecessor-version":[{"id":458,"href":"https:\/\/www.famefaceturkiye.com\/index.php?rest_route=\/wp\/v2\/pages\/120\/revisions\/458"}],"wp:attachment":[{"href":"https:\/\/www.famefaceturkiye.com\/index.php?rest_route=%2Fwp%2Fv2%2Fmedia&parent=120"}],"curies":[{"name":"wp","href":"https:\/\/api.w.org\/{rel}","templated":true}]}}